{"id":15,"date":"2011-12-10T23:34:34","date_gmt":"2011-12-10T22:34:34","guid":{"rendered":"http:\/\/www.lyttildinkrop.dk\/?page_id=15"},"modified":"2026-02-12T13:04:48","modified_gmt":"2026-02-12T12:04:48","slug":"personlig-traening","status":"publish","type":"page","link":"https:\/\/www.lyttildinkrop.dk\/?page_id=15","title":{"rendered":"Det nye menneske"},"content":{"rendered":"\n<p>Vi er i en verden af forandringer. Udviklingen og hverdagen g\u00e5r hurtigt. Jeg kan m\u00e6rke at jeg selv f\u00f8lger nye veje. Der er ligesom en str\u00f8m der tager mig v\u00e6k fra gamle m\u00f8nstre og vander. Jeg f\u00f8lger med den nye verden med kvantfysik, energi, b\u00f8lger, frekvenser, meditation, bevidsthed (consciousness) og jeg er ogs\u00e5 nysgerrig p\u00e5 udviklingen i astrologi og f\u00f8lger fra 2026 ogs\u00e5 aktivt Gene Keys i min egen personlige udvikling.<\/p>\n\n\n\n<p>Med personlig tr\u00e6ning f\u00e5r du hj\u00e6lp med at finde den tr\u00e6ning der passer til dig. Min interesse er at hj\u00e6lpe dig med at opn\u00e5  varig forandring gennem at finde bev\u00e6gelser og \u00f8velser som du kan lide, noget der g\u00f8r dig glad. Jeg er yogal\u00e6rer og jeg har arbejdet som fitnessinstrukt\u00f8r og personlig tr\u00e6ner gennem mange \u00e5r. Tr\u00e6ning og bev\u00e6gelse har v\u00e6ret en del af mig, hele mit liv. Mit \u00f8nske er at inspirere dig til at bev\u00e6ge dig og det m\u00e5 gerne v\u00e6re sjovt.<\/p>\n\n\n\n<p>Din historie, tanker og overbevisninger former dig liges\u00e5 meget som dine bev\u00e6gelser, s\u00e5 en tr\u00e6ningssession indeholder ogs\u00e5 en samtale som ber\u00f8rer livet, af det som du \u00f8nsker at dele. For dig giver det m\u00e5ske mening af begynde et forl\u00f8b med en g\u00e5tur. En samtale i naturen g\u00f8r altid godt. <\/p>\n\n\n\n<p>En session eller forl\u00f8b sammen med mig handler liges\u00e5 meget om at g\u00f8re dig bevidst om hvad du laver udenfor tr\u00e6ningslokalet. Jeg ser p\u00e5 hvordan du g\u00e5r, st\u00e5r, tr\u00e6kker vejret og s\u00e5 videre, fordi du bliver god til pr\u00e6cis det du laver, s\u00e6rligt det ny laver hyppigt hver dag. Jeg vil s\u00e5ledes hj\u00e6lpe dig med at finde nye gode vaner, som du har lyst til at have med dig i din hverdag resten af livet.<\/p>\n\n\n\n<p>Min egen tr\u00e6ningserfaring i korthed er; jeg har v\u00e6ret gymnast og gymnastiktr\u00e6ner, har tr\u00e6net og konkurreret i Tae kwon-do, st\u00e5et p\u00e5 ski og er skiinstrukt\u00f8r, holdinstrukt\u00f8r igennem over 25 \u00e5r, yogal\u00e6rer og jeg er uddannet i funktionel neurologi gennem Z-Health Education. Jeg dyrker og studerer meditation. I min fritid har jeg spillet golf, tr\u00e6net Capoeira og har for nylig g\u00e5et et par \u00e5r til Hip-hop dans. Jeg er selv meget glad og bliver inspireret af at tr\u00e6ne sammen med andre. Langsomlige or rolige bev\u00e6gelser som i Tai Chi og Qi Gong er noget som interesserer mig.<\/p>\n\n\n\n<p>Jeg har selv v\u00e6ret ramt af en stresset hverdag, med h\u00f8je krav og h\u00f8jt tempo i arbejdslivet, samtidig med et \u00f8nske om at v\u00e6re 100 % mor og kone. I dag har jeg fundet mere ro og luft i min hverdag, med hj\u00e6lp af yoga, opm\u00e6rksomhed og at arbejde med mit nervesystem.<\/p>\n\n\n\n<p>Kik in p\u00e5 min <a href=\"https:\/\/www.youtube.com\/user\/Lyttildinkrop\" target=\"_blank\" rel=\"noopener noreferrer\">YouTube<\/a> kanal og f\u00e5 et indblik i hvordan jeg arbejder med tr\u00e6ning og undervisning. <\/p>\n\n\n\n<p><strong>Priser<\/strong><\/p>\n\n\n\n<p>Klippekort for tr\u00e6ning hjemme hos dig eller udend\u00f8rs:<br>1 gang 90 min. 1.000 kr.<br>Pris 10 gange 60 min.&nbsp; 8.000 kr.<br>Intropakke 3 gange 60 min. 2.700 kr.<\/p>\n\n\n\n<p><i>alle priser er inklusive moms, og afregnes via faktura.<\/i><\/p>\n","protected":false},"excerpt":{"rendered":"<p>Vi er i en verden af forandringer. Udviklingen og hverdagen g\u00e5r hurtigt. Jeg kan m\u00e6rke at jeg selv f\u00f8lger nye &hellip; <a class=\"more-link\" href=\"https:\/\/www.lyttildinkrop.dk\/?page_id=15\">More<\/a><\/p>\n","protected":false},"author":2,"featured_media":4132,"parent":0,"menu_order":3,"comment_status":"closed","ping_status":"closed","template":"","meta":{"footnotes":""},"class_list":["post-15","page","type-page","status-publish","has-post-thumbnail","hentry",""],"_links":{"self":[{"href":"https:\/\/www.lyttildinkrop.dk\/index.php?rest_route=\/wp\/v2\/pages\/15","targetHints":{"allow":["GET"]}}],"collection":[{"href":"https:\/\/www.lyttildinkrop.dk\/index.php?rest_route=\/wp\/v2\/pages"}],"about":[{"href":"https:\/\/www.lyttildinkrop.dk\/index.php?rest_route=\/wp\/v2\/types\/page"}],"author":[{"embeddable":true,"href":"https:\/\/www.lyttildinkrop.dk\/index.php?rest_route=\/wp\/v2\/users\/2"}],"replies":[{"embeddable":true,"href":"https:\/\/www.lyttildinkrop.dk\/index.php?rest_route=%2Fwp%2Fv2%2Fcomments&post=15"}],"version-history":[{"count":66,"href":"https:\/\/www.lyttildinkrop.dk\/index.php?rest_route=\/wp\/v2\/pages\/15\/revisions"}],"predecessor-version":[{"id":5588,"href":"https:\/\/www.lyttildinkrop.dk\/index.php?rest_route=\/wp\/v2\/pages\/15\/revisions\/5588"}],"wp:featuredmedia":[{"embeddable":true,"href":"https:\/\/www.lyttildinkrop.dk\/index.php?rest_route=\/wp\/v2\/media\/4132"}],"wp:attachment":[{"href":"https:\/\/www.lyttildinkrop.dk\/index.php?rest_route=%2Fwp%2Fv2%2Fmedia&parent=15"}],"curies":[{"name":"wp","href":"https:\/\/api.w.org\/{rel}","templated":true}]}}