{"id":1545,"date":"2015-07-19T10:39:00","date_gmt":"2015-07-19T09:39:00","guid":{"rendered":"http:\/\/www.lyttildinkrop.dk\/?page_id=1545"},"modified":"2025-07-03T12:02:54","modified_gmt":"2025-07-03T11:02:54","slug":"z-health-traener-og-behandler","status":"publish","type":"page","link":"https:\/\/www.lyttildinkrop.dk\/?page_id=1545","title":{"rendered":"Underviser &amp; behandler"},"content":{"rendered":"\n<p><a href=\"https:\/\/www.soullumaschool.com\/home\" target=\"_blank\" rel=\"noreferrer noopener\">Soulluma Institute<\/a> Meditation, Intuition, Precence Training, Energy Skills, Energy Reading.<\/p>\n\n\n\n<p>Helle Brinch- <a href=\"https:\/\/www.hellebrinch.dk\/uddannelse-og-kurser\/\" target=\"_blank\" rel=\"noreferrer noopener\">Heart Academy<\/a> &#8211; Foredrag og kurser &#8211; Meditation, Intuition, Healing, Indre Resonansterapi<\/p>\n\n\n\n<p>BodyRestart &#8211; Clinic for mind and body &#8211; <a href=\"https:\/\/bodyrestart.dk\/behandlerne\/mikkel-strom\/\" target=\"_blank\" rel=\"noreferrer noopener\">Mikkel Str\u00f8m<\/a> &#8211; Body-sds, Be Activated (Neuromuskul\u00e6r aktivering) og Neural Reset Therapy\u00ae, QUANTUM ALIGNMENT TECHNIQUE<\/p>\n\n\n\n<p>Fysioterapeut &amp; Personlig Tr\u00e6ner Pernille Springer <a href=\"https:\/\/fys-focus.dk\/PernilleSpringer\" target=\"_blank\" rel=\"noreferrer noopener\">fys-focus.dk<\/a><\/p>\n\n\n\n<p>Yoga med&nbsp;Mia Mourir &amp; &nbsp;<a rel=\"noreferrer noopener\" href=\"https:\/\/www.yogalicious.dk\/\" target=\"_blank\">Yogalicious<\/a>.<\/p>\n\n\n\n<p><a rel=\"noreferrer noopener\" href=\"https:\/\/manuvision.dk\/\" target=\"_blank\">Manuvision <\/a>og psykologpraksis hos Rikke Toft Boesen <a rel=\"noreferrer noopener\" href=\"http:\/\/www.helsingorpsykologpraksis.dk\" target=\"_blank\">helsingorpsykologpraksis.dk<\/a>, som ogs\u00e5 har uddannelse i <a href=\"https:\/\/manuvision.dk\/naturterapi\/\" target=\"_blank\" rel=\"noreferrer noopener\">Naturterapi<\/a>.<\/p>\n\n\n\n<p>Yoga med Mette Brinks <a href=\"http:\/\/hippieyoga.dk\/\" target=\"_blank\" rel=\"noreferrer noopener\">hippieyoga.dk<\/a><\/p>\n\n\n\n<p>Kropsterapi med Malene N\u00f8hr <a href=\"https:\/\/www.bodytreat.dk\/\" target=\"_blank\" rel=\"noreferrer noopener\">Bodytreat<\/a><\/p>\n\n\n\n<p>Kiropraktor Simon Petersen <a href=\"https:\/\/o-kir.dk\/medarbejdere\/simon-petersen\/\" target=\"_blank\" rel=\"noreferrer noopener\">\u00d8resund Kiropraktik<\/a><\/p>\n\n\n\n<p><a href=\"https:\/\/www.sundhedsstyrkelsen.dk\/\" target=\"_blank\" rel=\"noreferrer noopener\">Lars Henrik Lauritzen<\/a>, en behandlingsform er uden for kategori, han kalder den selv PowerTouch. En rolig og meget n\u00e6rv\u00e6rende behandlingsform bygget bland andet p\u00e5 kraniosakralterapi.  <\/p>\n","protected":false},"excerpt":{"rendered":"<p>Soulluma Institute Meditation, Intuition, Precence Training, Energy Skills, Energy Reading. Helle Brinch- Heart Academy &#8211; Foredrag og kurser &#8211; Meditation, &hellip; <a class=\"more-link\" href=\"https:\/\/www.lyttildinkrop.dk\/?page_id=1545\">More<\/a><\/p>\n","protected":false},"author":2,"featured_media":4051,"parent":2295,"menu_order":3,"comment_status":"closed","ping_status":"closed","template":"","meta":{"footnotes":""},"class_list":["post-1545","page","type-page","status-publish","has-post-thumbnail","hentry",""],"_links":{"self":[{"href":"https:\/\/www.lyttildinkrop.dk\/index.php?rest_route=\/wp\/v2\/pages\/1545","targetHints":{"allow":["GET"]}}],"collection":[{"href":"https:\/\/www.lyttildinkrop.dk\/index.php?rest_route=\/wp\/v2\/pages"}],"about":[{"href":"https:\/\/www.lyttildinkrop.dk\/index.php?rest_route=\/wp\/v2\/types\/page"}],"author":[{"embeddable":true,"href":"https:\/\/www.lyttildinkrop.dk\/index.php?rest_route=\/wp\/v2\/users\/2"}],"replies":[{"embeddable":true,"href":"https:\/\/www.lyttildinkrop.dk\/index.php?rest_route=%2Fwp%2Fv2%2Fcomments&post=1545"}],"version-history":[{"count":34,"href":"https:\/\/www.lyttildinkrop.dk\/index.php?rest_route=\/wp\/v2\/pages\/1545\/revisions"}],"predecessor-version":[{"id":5505,"href":"https:\/\/www.lyttildinkrop.dk\/index.php?rest_route=\/wp\/v2\/pages\/1545\/revisions\/5505"}],"up":[{"embeddable":true,"href":"https:\/\/www.lyttildinkrop.dk\/index.php?rest_route=\/wp\/v2\/pages\/2295"}],"wp:featuredmedia":[{"embeddable":true,"href":"https:\/\/www.lyttildinkrop.dk\/index.php?rest_route=\/wp\/v2\/media\/4051"}],"wp:attachment":[{"href":"https:\/\/www.lyttildinkrop.dk\/index.php?rest_route=%2Fwp%2Fv2%2Fmedia&parent=1545"}],"curies":[{"name":"wp","href":"https:\/\/api.w.org\/{rel}","templated":true}]}}