{"id":2731,"date":"2019-02-13T20:40:15","date_gmt":"2019-02-13T19:40:15","guid":{"rendered":"https:\/\/www.lyttildinkrop.dk\/?page_id=2731"},"modified":"2025-07-03T11:23:50","modified_gmt":"2025-07-03T10:23:50","slug":"viden-om-smerter","status":"publish","type":"page","link":"https:\/\/www.lyttildinkrop.dk\/?page_id=2731","title":{"rendered":"Viden om smerter"},"content":{"rendered":"\n<p>Er det muligt at blive smertefri, selv efter mange \u00e5r med smerter? <\/p>\n\n\n\n<p>Jeg har samlet en Playliste p\u00e5 YouTube med nogle af mine favoritvideos som fort\u00e6ller dig om smerter og smerteforskning. En som har gjort s\u00e6rlig indtryk p\u00e5 mig, og er underholdende at h\u00f8re p\u00e5 er Lorimer Moseley. Han er smerteforsker og har gennem mange \u00e5r unders\u00f8gt og holdt foredrag om  hvilken rolle hjernen har med hensyn til kroniske smerter. Du finder den p\u00e5 min YouTube Playliste:<\/p>\n\n\n\n<figure class=\"wp-block-embed aligncenter is-type-video is-provider-youtube wp-block-embed-youtube wp-embed-aspect-16-9 wp-has-aspect-ratio\"><div class=\"wp-block-embed__wrapper\">\n<iframe loading=\"lazy\" title=\"Annikas Playliste - Viden om smerter\" width=\"1140\" height=\"641\" src=\"https:\/\/www.youtube.com\/embed\/videoseries?list=PLxvB-aGwrhz7z6E6u5aEkPffx5RuYPV6p\" frameborder=\"0\" allow=\"accelerometer; autoplay; clipboard-write; encrypted-media; gyroscope; picture-in-picture; web-share\" referrerpolicy=\"strict-origin-when-cross-origin\" allowfullscreen><\/iframe>\n<\/div><figcaption class=\"wp-element-caption\">Klik ind p\u00e5 YouTube for hele <strong>&#8220;Annikas Playliste &#8211; Viden om smerter&#8221;<\/strong><\/figcaption><\/figure>\n\n\n\n<p>L\u00e6s med p\u00e5 <a href=\"https:\/\/dinryg.dk\/ondt-i-ryggen\" target=\"_blank\" rel=\"noreferrer noopener\"><strong>Dinryg<\/strong><\/a>, en artikel om rygsmerter af Pernille Springer. Her ligger ogs\u00e5 tips til \u00f8velser samt hj\u00e6lp og guide til tr\u00e6ningsprogram.<\/p>\n\n\n\n<p>Jeg kan ogs\u00e5 varmt anbefale <strong>senetensbehandler Sine Funder<\/strong> som p\u00e5 en helt s\u00e6rlig m\u00e5de skriver om kroniske smerter. Du kan bland andet l\u00e6se Sines blog p\u00e5 <a href=\"https:\/\/s-form.dk\/blog\/\" target=\"_blank\" rel=\"noreferrer noopener\">S-form.dk<\/a>.<\/p>\n\n\n\n<p>Og s\u00e5 tilbage til Dr. Cobb fra <strong>Z-Health<\/strong>.<\/p>\n\n\n\n<figure class=\"wp-block-embed is-type-video is-provider-youtube wp-block-embed-youtube wp-embed-aspect-16-9 wp-has-aspect-ratio\"><div class=\"wp-block-embed__wrapper\">\n<iframe loading=\"lazy\" title=\"Understand Pain Neuroscience in 30 Minutes\" width=\"1140\" height=\"641\" src=\"https:\/\/www.youtube.com\/embed\/4ltCi_5mbR0?feature=oembed\" frameborder=\"0\" allow=\"accelerometer; autoplay; clipboard-write; encrypted-media; gyroscope; picture-in-picture; web-share\" referrerpolicy=\"strict-origin-when-cross-origin\" allowfullscreen><\/iframe>\n<\/div><\/figure>\n","protected":false},"excerpt":{"rendered":"<p>Er det muligt at blive smertefri, selv efter mange \u00e5r med smerter? Jeg har samlet en Playliste p\u00e5 YouTube med &hellip; <a class=\"more-link\" href=\"https:\/\/www.lyttildinkrop.dk\/?page_id=2731\">More<\/a><\/p>\n","protected":false},"author":2,"featured_media":0,"parent":0,"menu_order":10,"comment_status":"closed","ping_status":"closed","template":"","meta":{"footnotes":""},"class_list":["post-2731","page","type-page","status-publish","hentry",""],"_links":{"self":[{"href":"https:\/\/www.lyttildinkrop.dk\/index.php?rest_route=\/wp\/v2\/pages\/2731","targetHints":{"allow":["GET"]}}],"collection":[{"href":"https:\/\/www.lyttildinkrop.dk\/index.php?rest_route=\/wp\/v2\/pages"}],"about":[{"href":"https:\/\/www.lyttildinkrop.dk\/index.php?rest_route=\/wp\/v2\/types\/page"}],"author":[{"embeddable":true,"href":"https:\/\/www.lyttildinkrop.dk\/index.php?rest_route=\/wp\/v2\/users\/2"}],"replies":[{"embeddable":true,"href":"https:\/\/www.lyttildinkrop.dk\/index.php?rest_route=%2Fwp%2Fv2%2Fcomments&post=2731"}],"version-history":[{"count":31,"href":"https:\/\/www.lyttildinkrop.dk\/index.php?rest_route=\/wp\/v2\/pages\/2731\/revisions"}],"predecessor-version":[{"id":5499,"href":"https:\/\/www.lyttildinkrop.dk\/index.php?rest_route=\/wp\/v2\/pages\/2731\/revisions\/5499"}],"wp:attachment":[{"href":"https:\/\/www.lyttildinkrop.dk\/index.php?rest_route=%2Fwp%2Fv2%2Fmedia&parent=2731"}],"curies":[{"name":"wp","href":"https:\/\/api.w.org\/{rel}","templated":true}]}}