{"id":292,"date":"2012-09-22T22:34:43","date_gmt":"2012-09-22T21:34:43","guid":{"rendered":"http:\/\/www.lyttildinkrop.dk\/?page_id=292"},"modified":"2025-07-03T11:04:17","modified_gmt":"2025-07-03T10:04:17","slug":"ski-ture","status":"publish","type":"page","link":"https:\/\/www.lyttildinkrop.dk\/?page_id=292","title":{"rendered":"Frihed p\u00e5 ski"},"content":{"rendered":"\n<p>Skil\u00f8b, er for mig frihed. Frihed til bev\u00e6gelse med 100 % n\u00e6rv\u00e6r. Meditativt. Yoga p\u00e5 ski. Det er ogs\u00e5 lystfyldt og legende. At st\u00e5 p\u00e5 ski er en fantastik natur oplevelse, og jeg elsker at v\u00e6re oppe i bjergene og nyde udsigten, luften og den helt s\u00e6rlige stilhed. <\/p>\n\n\n\n<p>Fra at jeg var 5 \u00e5r gammel har vi taget p\u00e5 \u00e5rlig skiferie med familien. Det har v\u00e6ret de bedste ferier. Jeg elskede fart og jeg susede ned ad bakken med god bagv\u00e6gt i min orange styrthjelm. Jeg husker min fars ord n\u00e5r han pr\u00f8vede at guide mig med: \u201dbl\u00f8de kn\u00e6, plov\u2026\u201d<\/p>\n\n\n\n<p>Som teenager i firserne, stod vi p\u00e5 ski med s\u00e5 samlede ben vi kunne inspirerede af de \u00f8strigske skil\u00e6rer og vi tog os ned med at vrikke p\u00e5 numsen i bedste \u201csvensker-stilen\u201d, nok mest p\u00e5 de bl\u00e5 pister. Jeg tog mine f\u00f8rste ski-lektioner i USA, da jeg var 18 \u00e5r. Det var en udfordring, men en fantastisk mulighed til at forbedre mit skil\u00f8b og g\u00f8re det mindre anstrengende at st\u00e5 p\u00e5 ski, dvs. jeg f\u00f8lte mig efterh\u00e5nden mere komfortabel i et st\u00f8rre skiterr\u00e6n.<\/p>\n\n\n<div class=\"wp-block-image\">\n<figure class=\"alignleft\"><img loading=\"lazy\" decoding=\"async\" width=\"2048\" height=\"1366\" src=\"https:\/\/www.lyttildinkrop.dk\/wp-content\/uploads\/2022\/10\/2013-02-16-860404_473272096059380_61261922_o.jpg\" alt=\"\" class=\"wp-image-4073\" srcset=\"https:\/\/www.lyttildinkrop.dk\/wp-content\/uploads\/2022\/10\/2013-02-16-860404_473272096059380_61261922_o.jpg 2048w, https:\/\/www.lyttildinkrop.dk\/wp-content\/uploads\/2022\/10\/2013-02-16-860404_473272096059380_61261922_o-300x200.jpg 300w, https:\/\/www.lyttildinkrop.dk\/wp-content\/uploads\/2022\/10\/2013-02-16-860404_473272096059380_61261922_o-768x512.jpg 768w, https:\/\/www.lyttildinkrop.dk\/wp-content\/uploads\/2022\/10\/2013-02-16-860404_473272096059380_61261922_o-1536x1025.jpg 1536w\" sizes=\"auto, (max-width: 2048px) 100vw, 2048px\" \/><\/figure>\n<\/div>\n\n\n<p>Jeg m\u00f8dte en skil\u00e6rere fra Australien, og rejste en s\u00e6son til \u201dSnowy Mountains\u201d for at st\u00e5 p\u00e5 ski hver dag. Jeg boede sammen med andre skil\u00e6rere, s\u00e5 samtalerne hver aften handlede om skiteori og skiteknik. Selv passede jeg en dreng p\u00e5 3 \u00e5r, som jeg l\u00e6rte at st\u00e5 p\u00e5 ski. Ski-manualen fik jeg med hjem til mit studie hjemme i Sverige, hvor jeg afleverede mit p\u00e6dagogiske eksamensarbejde med titlen \u201dDen alpine skil\u00e6reres teoretiske kundskaber og praktiske viden\u201d. Jeg sammenlignede materialet med den svenske ski-manual, og l\u00e6ste resultater fra Interski Kongresser for at f\u00e5 en id\u00e9 om hvordan man v\u00e6gtede teorien i den praktiske undervisning. Nogle \u00e5r senere tog jeg til St. Anton som Ving Alpin guide, og havde igen mulighed at st\u00e5 p\u00e5 ski hver dag i l\u00f8bet af en vinters\u00e6son.<\/p>\n\n\n\n<p>Da jeg var hjemme igen fra udlandet, og i 1998 begyndte mit arbejdsliv siddende p\u00e5 kontor, blev skiferierne mere sj\u00e6ldne. P\u00e5 et tidspunkt, hvor jeg nu var flyttet til Danmark, blev trangen til at st\u00e5 p\u00e5 ski alt for stor og jeg begynde at unders\u00f8ge de danske skiklubbe. Jeg fandt ud af at der var mulighed for at tage en skiuddannelse i den Danske Ski Skole. S\u00e5 i efter\u00e5ret 2007 tog jeg til Hintertux for at st\u00e5 p\u00e5 ski. Jeg meldte mig til BSI1 kursus, som jeg klarede uden st\u00f8rre problemer. Jeg havde mine \u201dkult\u201d skist\u00f8vler som var et par gule Rossignol fra 1996 og lejede ski, eftersom man nu brugte \u201dcarving-ski\u201d. Efterf\u00f8lgende \u00e5r rejste jeg sammen en veninde til S\u00f6lden p\u00e5 Skiklubben Hareskovs efter\u00e5rstur. Undervisning hver formiddag, og om eftermiddagen var jeg med p\u00e5 efteruddannelsen med instrukt\u00f8rerne, hvor jeg blandt andet m\u00f8dte Sophie Fjellvang-S\u00f8lling som underviste os i at k\u00f8re st\u00e6rkt. Det var b\u00e5de skr\u00e6mmende og sjovt.<\/p>\n\n\n\n<p>Jeg er stadig i dag uddannet \u201dBasic Ski Instructor level 1\u201d ved \u201dDen Danske Skiskole\u201d som har givet mig mange \u00e5r som aktiv instrukt\u00f8r i Skiklubben Hareskov, Danmarks st\u00f8rste skiklub. De har adskillige ture og arrangementer i l\u00f8bet af s\u00e6sonen, og har mange dygtige og engagerede instrukt\u00f8rer tilknyttet.<\/p>\n\n\n\n<p>Jeg har st\u00e5et p\u00e5 ski med\u00a0<a href=\"https:\/\/www.lyttildinkrop.dk\/?page_id=292https:\/\/www.hareski.dk\/\" target=\"_blank\" rel=\"noreferrer noopener\">Skiklubben Hareskov<\/a>\u00a0p\u00e5 mange dejlige ture gennem \u00e5rene.<\/p>\n\n\n<div class=\"wp-block-image\">\n<figure class=\"alignleft size-full\"><img loading=\"lazy\" decoding=\"async\" width=\"960\" height=\"659\" src=\"https:\/\/www.lyttildinkrop.dk\/wp-content\/uploads\/2022\/10\/2013-02-16-64766_10151287553024856_1949843492_n.jpg\" alt=\"\" class=\"wp-image-4109\" srcset=\"https:\/\/www.lyttildinkrop.dk\/wp-content\/uploads\/2022\/10\/2013-02-16-64766_10151287553024856_1949843492_n.jpg 960w, https:\/\/www.lyttildinkrop.dk\/wp-content\/uploads\/2022\/10\/2013-02-16-64766_10151287553024856_1949843492_n-300x206.jpg 300w, https:\/\/www.lyttildinkrop.dk\/wp-content\/uploads\/2022\/10\/2013-02-16-64766_10151287553024856_1949843492_n-768x527.jpg 768w\" sizes=\"auto, (max-width: 960px) 100vw, 960px\" \/><figcaption class=\"wp-element-caption\"><em>En fantastik eftermiddag med skiinstrukt\u00f8rerne p\u00e5 en tur til Hafjell, hvor vi hygger sammen med lidt pukkelpist formation &#8211; jeg er helt ud til h\u00f8jre.<\/em><\/figcaption><\/figure>\n<\/div>\n\n\n<p><strong>Mine skiture med Skiklubben Hareskov:<\/strong><\/p>\n\n\n\n<p>Deltager i efteruddannelsestur, S\u00f6lden, \u00d8strig, uge 42, oktober 2008.<br>Undervisning, Spindleruv Mlyn, Tjekkiet, januar 2010.<br>Efteruddannelse, Hemsedal, Norge, april 2010.<br>Undervisning og efteruddannelsestur, S\u00f6lden, \u00d8strig, uge 42, oktober 2010.<br>Undervisning, Hafjell, Norge, uge 7, februar 2011 &#8211; sammen med min mor og min datter.<br>Efteruddannelse, Hemsedal, Norge, april 2011.<br>Undervisning og efteruddannelsestur, S\u00f6lden, \u00d8strig, uge 42, oktober 2011.<br>Undervisning, Hafjell, Norge, uge 7 &#8211; 2012 &#8211; sammen med min mor og min datter.<br>Undervisning, Hafjell, Norge, uge 7 &#8211; 2013.<br>Undervisning, Hafjell, Norge, uge 7 &#8211; 2014.<br>Instrukt\u00f8rsamling med efteruddannelse Hemsedal, Norge, april 2016.<br>Undervisning, Passo Tonale, Italien, uge 7, 2017.<br>Undervisning, Kals-Matrei, \u00d8strig &#8211; uge 7, 2022.<br>Undervisning, Wildsch\u00f6nau-dalen &#8211; uge 7, 2023.<\/p>\n\n\n\n<p><\/p>\n","protected":false},"excerpt":{"rendered":"<p>Skil\u00f8b, er for mig frihed. Frihed til bev\u00e6gelse med 100 % n\u00e6rv\u00e6r. Meditativt. Yoga p\u00e5 ski. Det er ogs\u00e5 lystfyldt &hellip; <a class=\"more-link\" href=\"https:\/\/www.lyttildinkrop.dk\/?page_id=292\">More<\/a><\/p>\n","protected":false},"author":2,"featured_media":4134,"parent":108,"menu_order":1,"comment_status":"closed","ping_status":"closed","template":"","meta":{"footnotes":""},"class_list":["post-292","page","type-page","status-publish","has-post-thumbnail","hentry",""],"_links":{"self":[{"href":"https:\/\/www.lyttildinkrop.dk\/index.php?rest_route=\/wp\/v2\/pages\/292","targetHints":{"allow":["GET"]}}],"collection":[{"href":"https:\/\/www.lyttildinkrop.dk\/index.php?rest_route=\/wp\/v2\/pages"}],"about":[{"href":"https:\/\/www.lyttildinkrop.dk\/index.php?rest_route=\/wp\/v2\/types\/page"}],"author":[{"embeddable":true,"href":"https:\/\/www.lyttildinkrop.dk\/index.php?rest_route=\/wp\/v2\/users\/2"}],"replies":[{"embeddable":true,"href":"https:\/\/www.lyttildinkrop.dk\/index.php?rest_route=%2Fwp%2Fv2%2Fcomments&post=292"}],"version-history":[{"count":38,"href":"https:\/\/www.lyttildinkrop.dk\/index.php?rest_route=\/wp\/v2\/pages\/292\/revisions"}],"predecessor-version":[{"id":5490,"href":"https:\/\/www.lyttildinkrop.dk\/index.php?rest_route=\/wp\/v2\/pages\/292\/revisions\/5490"}],"up":[{"embeddable":true,"href":"https:\/\/www.lyttildinkrop.dk\/index.php?rest_route=\/wp\/v2\/pages\/108"}],"wp:featuredmedia":[{"embeddable":true,"href":"https:\/\/www.lyttildinkrop.dk\/index.php?rest_route=\/wp\/v2\/media\/4134"}],"wp:attachment":[{"href":"https:\/\/www.lyttildinkrop.dk\/index.php?rest_route=%2Fwp%2Fv2%2Fmedia&parent=292"}],"curies":[{"name":"wp","href":"https:\/\/api.w.org\/{rel}","templated":true}]}}