{"id":4103,"date":"2022-10-12T14:26:06","date_gmt":"2022-10-12T13:26:06","guid":{"rendered":"https:\/\/www.lyttildinkrop.dk\/?page_id=4103"},"modified":"2026-02-12T15:41:43","modified_gmt":"2026-02-12T14:41:43","slug":"bevaeg-dig-med-annika","status":"publish","type":"page","link":"https:\/\/www.lyttildinkrop.dk\/?page_id=4103","title":{"rendered":"EN NY VERDEN"},"content":{"rendered":"\n<div class=\"wp-block-media-text alignwide is-stacked-on-mobile\"><figure class=\"wp-block-media-text__media\"><img loading=\"lazy\" decoding=\"async\" width=\"1573\" height=\"1573\" src=\"https:\/\/www.lyttildinkrop.dk\/wp-content\/uploads\/2023\/08\/Annika-portraet-Liv-2.jpg\" alt=\"\" class=\"wp-image-4881 size-full\" srcset=\"https:\/\/www.lyttildinkrop.dk\/wp-content\/uploads\/2023\/08\/Annika-portraet-Liv-2.jpg 1573w, https:\/\/www.lyttildinkrop.dk\/wp-content\/uploads\/2023\/08\/Annika-portraet-Liv-2-300x300.jpg 300w, https:\/\/www.lyttildinkrop.dk\/wp-content\/uploads\/2023\/08\/Annika-portraet-Liv-2-150x150.jpg 150w, https:\/\/www.lyttildinkrop.dk\/wp-content\/uploads\/2023\/08\/Annika-portraet-Liv-2-768x768.jpg 768w, https:\/\/www.lyttildinkrop.dk\/wp-content\/uploads\/2023\/08\/Annika-portraet-Liv-2-1536x1536.jpg 1536w, https:\/\/www.lyttildinkrop.dk\/wp-content\/uploads\/2023\/08\/Annika-portraet-Liv-2-720x720.jpg 720w, https:\/\/www.lyttildinkrop.dk\/wp-content\/uploads\/2023\/08\/Annika-portraet-Liv-2-560x560.jpg 560w\" sizes=\"auto, (max-width: 1573px) 100vw, 1573px\" \/><\/figure><div class=\"wp-block-media-text__content\">\n<p style=\"font-size:16px;font-style:normal;font-weight:200\"><em>&#8220;The world is changed by your example, not by your opinion.&#8221; &#8211; Paulo Coelho<\/em><\/p>\n\n\n\n<p style=\"font-size:16px;font-style:normal;font-weight:200\"><em>&#8220;Let your example be the way to change others&#8217; lives. Reform yourself and you will reform thousands.&#8221; &#8211; Yogananda<br><\/em><br><em>\u201cLive quietly in the moment and see the beauty of all before you. The future will take care of itself&#8230;\u201d &#8211; Yogananda<\/em><\/p>\n\n\n\n<p style=\"font-size:16px;font-style:normal;font-weight:600\"><strong><em>Du former din krop og sind resten af livet, i hvert \u00f8jeblik. Jeg kan ikke andet at dele mine egne erfaringer i mit liv som en m\u00e5de at inspirere dig, p\u00e5 din vej i dit liv. Du tager dine egne valg.<\/em><\/strong><\/p>\n\n\n\n<p><\/p>\n<\/div><\/div>\n\n\n\n<p><\/p>\n","protected":false},"excerpt":{"rendered":"<p>&#8220;The world is changed by your example, not by your opinion.&#8221; &#8211; Paulo Coelho &#8220;Let your example be the way &hellip; <a class=\"more-link\" href=\"https:\/\/www.lyttildinkrop.dk\/?page_id=4103\">More<\/a><\/p>\n","protected":false},"author":2,"featured_media":2321,"parent":0,"menu_order":2,"comment_status":"closed","ping_status":"closed","template":"","meta":{"footnotes":""},"class_list":["post-4103","page","type-page","status-publish","has-post-thumbnail","hentry",""],"_links":{"self":[{"href":"https:\/\/www.lyttildinkrop.dk\/index.php?rest_route=\/wp\/v2\/pages\/4103","targetHints":{"allow":["GET"]}}],"collection":[{"href":"https:\/\/www.lyttildinkrop.dk\/index.php?rest_route=\/wp\/v2\/pages"}],"about":[{"href":"https:\/\/www.lyttildinkrop.dk\/index.php?rest_route=\/wp\/v2\/types\/page"}],"author":[{"embeddable":true,"href":"https:\/\/www.lyttildinkrop.dk\/index.php?rest_route=\/wp\/v2\/users\/2"}],"replies":[{"embeddable":true,"href":"https:\/\/www.lyttildinkrop.dk\/index.php?rest_route=%2Fwp%2Fv2%2Fcomments&post=4103"}],"version-history":[{"count":40,"href":"https:\/\/www.lyttildinkrop.dk\/index.php?rest_route=\/wp\/v2\/pages\/4103\/revisions"}],"predecessor-version":[{"id":5597,"href":"https:\/\/www.lyttildinkrop.dk\/index.php?rest_route=\/wp\/v2\/pages\/4103\/revisions\/5597"}],"wp:featuredmedia":[{"embeddable":true,"href":"https:\/\/www.lyttildinkrop.dk\/index.php?rest_route=\/wp\/v2\/media\/2321"}],"wp:attachment":[{"href":"https:\/\/www.lyttildinkrop.dk\/index.php?rest_route=%2Fwp%2Fv2%2Fmedia&parent=4103"}],"curies":[{"name":"wp","href":"https:\/\/api.w.org\/{rel}","templated":true}]}}