{"id":5084,"date":"2024-02-01T16:23:09","date_gmt":"2024-02-01T15:23:09","guid":{"rendered":"https:\/\/www.lyttildinkrop.dk\/?page_id=5084"},"modified":"2026-02-12T12:48:21","modified_gmt":"2026-02-12T11:48:21","slug":"annikas-yogaprogram-guide-til-meditation","status":"publish","type":"page","link":"https:\/\/www.lyttildinkrop.dk\/?page_id=5084","title":{"rendered":"Yogaprogram"},"content":{"rendered":"\n<p>Har du brug for inspiration til at bev\u00e6ge dig efter at have v\u00e6ret p\u00e5 yogaferie eller du mangler et tr\u00e6ningshold, s\u00e5 kan du f\u00f8lge med hjemme p\u00e5 min YouTube kanal. Jeg har lavet nogle videoklip med sm\u00e5 yogasekvenser og yogaprogram.<\/p>\n\n\n\n<figure class=\"wp-block-embed aligncenter is-type-video is-provider-youtube wp-block-embed-youtube wp-embed-aspect-16-9 wp-has-aspect-ratio\"><div class=\"wp-block-embed__wrapper\">\n<iframe loading=\"lazy\" title=\"Annikas Playliste med yogaprogram\" width=\"1140\" height=\"641\" src=\"https:\/\/www.youtube.com\/embed\/videoseries?list=PLxvB-aGwrhz56nLlEGoTymJu5V5bhfIAr\" frameborder=\"0\" allow=\"accelerometer; autoplay; clipboard-write; encrypted-media; gyroscope; picture-in-picture; web-share\" allowfullscreen><\/iframe>\n<\/div><figcaption class=\"wp-element-caption\">Klink ind p\u00e5 YouTuve for at se &#8220;<strong>Annikas Playliste med yogaprogram<\/strong>&#8220;<\/figcaption><\/figure>\n","protected":false},"excerpt":{"rendered":"<p>Har du brug for inspiration til at bev\u00e6ge dig efter at have v\u00e6ret p\u00e5 yogaferie eller du mangler et tr\u00e6ningshold, &hellip; <a class=\"more-link\" href=\"https:\/\/www.lyttildinkrop.dk\/?page_id=5084\">More<\/a><\/p>\n","protected":false},"author":2,"featured_media":0,"parent":2658,"menu_order":10,"comment_status":"closed","ping_status":"closed","template":"","meta":{"footnotes":""},"class_list":["post-5084","page","type-page","status-publish","hentry",""],"_links":{"self":[{"href":"https:\/\/www.lyttildinkrop.dk\/index.php?rest_route=\/wp\/v2\/pages\/5084","targetHints":{"allow":["GET"]}}],"collection":[{"href":"https:\/\/www.lyttildinkrop.dk\/index.php?rest_route=\/wp\/v2\/pages"}],"about":[{"href":"https:\/\/www.lyttildinkrop.dk\/index.php?rest_route=\/wp\/v2\/types\/page"}],"author":[{"embeddable":true,"href":"https:\/\/www.lyttildinkrop.dk\/index.php?rest_route=\/wp\/v2\/users\/2"}],"replies":[{"embeddable":true,"href":"https:\/\/www.lyttildinkrop.dk\/index.php?rest_route=%2Fwp%2Fv2%2Fcomments&post=5084"}],"version-history":[{"count":8,"href":"https:\/\/www.lyttildinkrop.dk\/index.php?rest_route=\/wp\/v2\/pages\/5084\/revisions"}],"predecessor-version":[{"id":5586,"href":"https:\/\/www.lyttildinkrop.dk\/index.php?rest_route=\/wp\/v2\/pages\/5084\/revisions\/5586"}],"up":[{"embeddable":true,"href":"https:\/\/www.lyttildinkrop.dk\/index.php?rest_route=\/wp\/v2\/pages\/2658"}],"wp:attachment":[{"href":"https:\/\/www.lyttildinkrop.dk\/index.php?rest_route=%2Fwp%2Fv2%2Fmedia&parent=5084"}],"curies":[{"name":"wp","href":"https:\/\/api.w.org\/{rel}","templated":true}]}}