{"id":681,"date":"2013-03-19T23:57:58","date_gmt":"2013-03-19T22:57:58","guid":{"rendered":"http:\/\/www.lyttildinkrop.dk\/?page_id=681"},"modified":"2025-07-03T11:17:33","modified_gmt":"2025-07-03T10:17:33","slug":"uddannelser","status":"publish","type":"page","link":"https:\/\/www.lyttildinkrop.dk\/?page_id=681","title":{"rendered":"Uddannelser"},"content":{"rendered":"\n<p><strong>Soulluma Institute<\/strong><\/p>\n\n\n\n<p><\/p>\n\n\n\n<ul class=\"wp-block-list\">\n<li><a href=\"https:\/\/www.soullumaschool.com\/subscription\/soulluma-sanctuary\" target=\"_blank\" rel=\"noreferrer noopener\">Meditation Inner Courtyard\/Learning Sanctuary<\/a> May 2023 forward<\/li>\n\n\n\n<li><a href=\"https:\/\/www.soullumaschool.com\/presence-training\" target=\"_blank\" rel=\"noreferrer noopener\">Presence Training<\/a> 2024<\/li>\n\n\n\n<li><a href=\"https:\/\/www.soullumaschool.com\/intuitive-energy-skills-training\" target=\"_blank\" rel=\"noreferrer noopener\">Energy Skills<\/a> 2024<\/li>\n<\/ul>\n\n\n\n<p><strong>Kurser\/uddannelser hos <a href=\"http:\/\/www.denintelligentekrop.dk\" target=\"_blank\" rel=\"noreferrer noopener\">Den Intelligente Krop<\/a><\/strong>, <em>Herlev<\/em><\/p>\n\n\n\n<ul class=\"wp-block-list\">\n<li>&#8220;Primitive reflexes&#8221; med Lene Munck del 1 (22.08.2020) &#8211; movement patterns directed from the level of the brain stem and, therefore, not under conscious, volitional control.<\/li>\n\n\n\n<li>&#8220;Primitive reflexes&#8221; med Lene Munck del 2 (04.09.2021)<\/li>\n\n\n\n<li>Funktionelle f\u00f8dder med fysioterapeut Lisbeth Bundgaard (maj 2021)<\/li>\n<\/ul>\n\n\n\n<p><strong>Low-Level Laser Therapy<\/strong>:<\/p>\n\n\n\n<ul class=\"wp-block-list\">\n<li>Introduction til Low-Level Laser med Gilbert&nbsp;Holmgren og Christian Franzetti (13. november 2019), Arch of Scandinavia AB, Sverige<\/li>\n\n\n\n<li>Dr. Trevor Berry\u00b4s webinar:&nbsp;Violet Laser Pathogens (1. april 2020), Erchonia Corporation, USA<\/li>\n\n\n\n<li>Laser Round Table Discussion webinar, Dr. Silverman, Dr. K Gair, Dr. J Cooke, R. Sullivan (9. juni 2020), Erchonia Corporation, USA<\/li>\n<\/ul>\n\n\n\n<p><strong><a href=\"http:\/\/www.dgi.dk\" target=\"_blank\" rel=\"noreferrer noopener\">DGI<\/a><\/strong><\/p>\n\n\n\n<ul class=\"wp-block-list\">\n<li>Sundhedsidr\u00e6t &#8211; Rygtr\u00e6ning, november 2017 med Anne Dorthe N\u00f8rregaard og L\u00e6rke Rau.<\/li>\n<\/ul>\n\n\n\n<p><strong><a href=\"http:\/\/TRXtraining.com\" target=\"_blank\" rel=\"noreferrer noopener\">TRX Training<\/a>:<\/strong><\/p>\n\n\n\n<ul class=\"wp-block-list\">\n<li>Suspension LIVE Training Course, september 2017<\/li>\n\n\n\n<li>TRX for Yoga Live Course, februar 2020<\/li>\n<\/ul>\n\n\n<p><strong>Z-Health LIVE Advanced Curriculum <a href=\"https:\/\/zhealtheducation.com\/curriculum\/#advanced-education\" target=\"_blank\" rel=\"noopener\">courses<\/a><\/strong>, &#8220;Functional neurology&#8221; by Dr. Eric Cobb<br \/><span style=\"color: #808080;\">Z-Health Performance Solutions, <em>Tempe Arizona \/USA<\/em>.<\/span><\/p>\n<ul>\n<li>Sustenance &amp; Spirit (2013 K\u00f8benhavn)<\/li>\n<li>Strength &amp; Suppleness (2014 K\u00f8benhavn)<\/li>\n<li>Structure (2015 K\u00f8benhavn)<\/li>\n<li>Stamina (2016 K\u00f8benhavn)<\/li>\n<li>The Next Evolution (2017 K\u00f8benhavn)<\/li>\n<li>Speed (2017 K\u00f8benhavn)<\/li>\n<li>Skill and Style (2018 K\u00f8benhavn)<\/li>\n<\/ul>\n<p><strong>Z-Health LIVE <a href=\"https:\/\/zhealtheducation.com\/curriculum\/#initial-certifications\" target=\"_blank\" rel=\"noopener\">certification<\/a><\/strong>, &#8220;Functional neurology&#8221; by Dr. Eric Cobb<br \/><span style=\"color: #808080;\">Z-Health Performance Solutions, <em>Tempe Arizona \/USA.<\/em><\/span><\/p>\n<ul>\n<li>Z-Health R-Phase &#8211; Rehabilitaion, Restoration &amp; Re-Education, <i>Movement Reeducation Specialist<\/i> (2012 K\u00f8benhavn)<\/li>\n<li>Z-Health I-Phase &#8211; Integration og Vision, Vestibular &amp; Proprioception, <i>Movement Integration Specialist<\/i> (2013 K\u00f8benhavn)<\/li>\n<li>Z-Health S-Phase &#8211; Sport Movement Fundamentals, <i>Movement Performance Specialist<\/i> (2013 K\u00f8benhavn)<\/li>\n<li>Z-Health T-Phase &#8211; Neural Threat Modulaation, <i>Excercise Therapy\u00a0Specialist<\/i> (2014 K\u00f8benhavn)<\/li>\n<\/ul>\n<p><strong>Z-Health<\/strong><span style=\"color: #808080;\">\u00a0Z-Health Performance Solutions, <em>Tempe Arizona \/USA<\/em><\/span><\/p>\n<ul>\n<li><a href=\"https:\/\/zhealtheducation.com\/curriculum\/#get-started\" target=\"_blank\" rel=\"noopener\">LIVE Essientials of Elite Performance &#8211; EEP<\/a> &#8211; &#8220;Functional neurology&#8221; by Dr. Eric Cobb (2012 K\u00f8benhavn)<\/li>\n<\/ul>\n<p><a href=\"https:\/\/www.zumba.com\/en-US\/\" target=\"_blank\" rel=\"noopener noreferrer\"><strong>Zumba\u00ae Fitness<\/strong><\/a> by Beto Perez <em>Florida\/USA<\/em><\/p>\n<ul>\n<li>Official Zumba\u00ae Instructor level 1 (2010)<\/li>\n<li>Official Zumba\u00ae Instructor level 2 (2011)<\/li>\n<\/ul>\n<p><a href=\"http:\/\/yoga-skolen.dk\" target=\"_blank\" rel=\"noopener noreferrer\"><strong>Yoga Skolen i Helsing\u00f8r<\/strong><\/a><\/p>\n<ul>\n<li>2-\u00e5rig grunduddannelse i yoga med S\u00f8ren Rasmussen, 600 timer (2007-2009)<\/li>\n<li>Yoga Teacher Training Intensive<span style=\"font-size: revert; color: initial;\"> by Erin Flemming (2009)<\/span><\/li>\n<li>Yin Yoga Teacher Training by Erin Flemming (2010)<\/li>\n<\/ul>\n<p><strong><a href=\"http:\/\/dendanskeskiskole.dk\/\" target=\"_blank\" rel=\"noopener noreferrer\">Den Danske Skiskole<\/a><\/strong><\/p>\n<ul>\n<li>BSI1 skiinstrukt\u00f8r (2007) <em>Hintertux \u00d8strig<\/em>.<\/li>\n<\/ul>\n<p><strong>Instrukt\u00f8rskolen Valby<\/strong><\/p>\n<ul>\n<li>Certified FISAF Instructor in Fitness med Henrik Duer (2003)<\/li>\n<\/ul>\n<p><strong><a href=\"https:\/\/www.lesmills.com\/nordic\/\" target=\"_blank\" rel=\"noopener noreferrer\">Les Mills Nordic <\/a><\/strong><em>Stockholm\/Sverige<\/em>.<\/p>\n<ul>\n<li>Trained and examined to international standards as a BODYCOMBAT&#x2122; (2000)<\/li>\n<li>Trained and examined to international standards as a BODYSTEP&#x2122; (2000)<\/li>\n<li>Trained and examined to international standards as a BODYFLOW&#x2122;\/BODYBALANCE (2001) instructor\u201d<\/li>\n<li>Continuos training and workshops each year in Sweden and Denmark<\/li>\n<li>Working as an assessor evaluating new instructors from 2008 to 2016.<\/li>\n<\/ul>\n<p><a href=\"https:\/\/www.umu.se\/\" target=\"_blank\" rel=\"noopener\"><strong>Ume\u00e5 Universitet<\/strong><\/a><em>\u00a0\/Sverige<\/em><\/p>\n<ul>\n<li><strong>Degree of Bachelor of Science in Educational Psychology of Sports<\/strong> \/ \u201dFilosofie Kandidatexamen p\u00e5 Idrottspedagoglinjen\u201d (1995)<\/li>\n<\/ul>\n<p><strong>Friluftsfr\u00e4mjandet <\/strong><em>\/Sverige<\/em><\/p>\n<ul>\n<li>Introduktionskursus for instrukt\u00f8rer i slalom &#8211; foreningskendskab, skisikkerhed, udstyr, uddannelse og lederskab samt personlig tr\u00e6ning i slalom (1992)\u00a0<\/li>\n<\/ul>\n<p><strong>IKSU Ume\u00e5 <\/strong><em>\/Sverige<\/em><\/p>\n<ul>\n<li>Kursus i <i>\u201dMotionsgymnastik<\/i>\u201d i 1991, <strong>Diplom i \u201dMotionsgymnastik\u201d<\/strong><\/li>\n<li><i>Kursus i \u201dFriskv\u00e5rdsledarutbildning<\/i>\u201d i 1992, <strong>Diplom Ryg\/specialgruppe program<\/strong>\u00a0(1993),\u00a0<\/li>\n<\/ul>\n<p><strong>A course at Seattle University, <\/strong><i>Seattle\/USA<\/i><\/p>\n<ul>\n<li><i>\u201cAthletic Health Care System &#8211; Sports Medicine &amp; Injury Prevention\/Management&#8221; (1989),\u00a0<\/i><\/li>\n<\/ul>\n<p><strong>Deltagelse i gymnastikkursus Sk\u00e5nes Gymnastikf\u00f6rbund <\/strong><em>\/Sverige<\/em><\/p>\n<ul>\n<li>Elitelederkursus (1984)<\/li>\n<li>Lederkursus (1985)<\/li>\n<li>Distrikts dommerkursus (1985)<\/li>\n<li>Kursus i konkurrencegymnastik (1986)<\/li>\n<li>Trampolinkursus (1987)<\/li>\n<li>Divisions dommerkursus (1994)<\/li>\n<\/ul>\n\n\n<p><\/p>\n","protected":false},"excerpt":{"rendered":"<p>Soulluma Institute Kurser\/uddannelser hos Den Intelligente Krop, Herlev Low-Level Laser Therapy: DGI TRX Training: Z-Health LIVE Advanced Curriculum courses, &#8220;Functional &hellip; <a class=\"more-link\" href=\"https:\/\/www.lyttildinkrop.dk\/?page_id=681\">More<\/a><\/p>\n","protected":false},"author":2,"featured_media":0,"parent":2658,"menu_order":4,"comment_status":"closed","ping_status":"closed","template":"","meta":{"footnotes":""},"class_list":["post-681","page","type-page","status-publish","hentry",""],"_links":{"self":[{"href":"https:\/\/www.lyttildinkrop.dk\/index.php?rest_route=\/wp\/v2\/pages\/681","targetHints":{"allow":["GET"]}}],"collection":[{"href":"https:\/\/www.lyttildinkrop.dk\/index.php?rest_route=\/wp\/v2\/pages"}],"about":[{"href":"https:\/\/www.lyttildinkrop.dk\/index.php?rest_route=\/wp\/v2\/types\/page"}],"author":[{"embeddable":true,"href":"https:\/\/www.lyttildinkrop.dk\/index.php?rest_route=\/wp\/v2\/users\/2"}],"replies":[{"embeddable":true,"href":"https:\/\/www.lyttildinkrop.dk\/index.php?rest_route=%2Fwp%2Fv2%2Fcomments&post=681"}],"version-history":[{"count":51,"href":"https:\/\/www.lyttildinkrop.dk\/index.php?rest_route=\/wp\/v2\/pages\/681\/revisions"}],"predecessor-version":[{"id":5495,"href":"https:\/\/www.lyttildinkrop.dk\/index.php?rest_route=\/wp\/v2\/pages\/681\/revisions\/5495"}],"up":[{"embeddable":true,"href":"https:\/\/www.lyttildinkrop.dk\/index.php?rest_route=\/wp\/v2\/pages\/2658"}],"wp:attachment":[{"href":"https:\/\/www.lyttildinkrop.dk\/index.php?rest_route=%2Fwp%2Fv2%2Fmedia&parent=681"}],"curies":[{"name":"wp","href":"https:\/\/api.w.org\/{rel}","templated":true}]}}